{"id":5,"date":"2016-12-05T09:56:03","date_gmt":"2016-12-05T08:56:03","guid":{"rendered":"http:\/\/rajpodjablonia.pl\/eng\/?page_id=5"},"modified":"2017-01-10T17:43:03","modified_gmt":"2017-01-10T16:43:03","slug":"contact","status":"publish","type":"page","link":"http:\/\/rajpodjablonia.pl\/eng\/?page_id=5","title":{"rendered":"Contact"},"content":{"rendered":"[et_pb_section admin_label=&#8221;section&#8221; transparent_background=&#8221;off&#8221; allow_player_pause=&#8221;off&#8221; inner_shadow=&#8221;off&#8221; parallax=&#8221;off&#8221; parallax_method=&#8221;on&#8221; padding_mobile=&#8221;off&#8221; make_fullwidth=&#8221;off&#8221; use_custom_width=&#8221;off&#8221; width_unit=&#8221;off&#8221; custom_width_px=&#8221;1080px&#8221; custom_width_percent=&#8221;80%&#8221; make_equal=&#8221;off&#8221; use_custom_gutter=&#8221;off&#8221; fullwidth=&#8221;on&#8221; specialty=&#8221;off&#8221; disabled=&#8221;off&#8221;][et_pb_fullwidth_map admin_label=&#8221;Fullwidth Map&#8221; address=&#8221;Lewkowo Stare 2, 17-220 Lewkowo Stare, Polska&#8221; zoom_level=&#8221;11&#8243; address_lat=&#8221;52.895954966182515&#8243; address_lng=&#8221;23.70306772275385&#8243; mouse_wheel=&#8221;off&#8221; mobile_dragging=&#8221;on&#8221; disabled=&#8221;off&#8221;] [et_pb_map_pin title=&#8221;Kwatera Raj pod Jab\u0142oni\u0105&#8221; pin_address=&#8221;Lewkowo Stare 4, 17-220 Lewkowo Stare, Polska&#8221; pin_address_lat=&#8221;52.88178473362723&#8243; pin_address_lng=&#8221;23.70261174722134&#8243; disabled=&#8221;off&#8221;]\n<h3 style=\"text-align: center;\">Tw\u00f3j szcz\u0119\u015bliwy zak\u0105tek.<\/h3>\n[\/et_pb_map_pin] [\/et_pb_fullwidth_map][\/et_pb_section][et_pb_section admin_label=&#8221;section&#8221; transparent_background=&#8221;off&#8221; allow_player_pause=&#8221;off&#8221; inner_shadow=&#8221;off&#8221; parallax=&#8221;off&#8221; parallax_method=&#8221;on&#8221; custom_padding=&#8221;0px|0px|0px|0px&#8221; padding_mobile=&#8221;off&#8221; make_fullwidth=&#8221;off&#8221; use_custom_width=&#8221;off&#8221; width_unit=&#8221;off&#8221; custom_width_px=&#8221;1080px&#8221; custom_width_percent=&#8221;80%&#8221; make_equal=&#8221;off&#8221; use_custom_gutter=&#8221;off&#8221; fullwidth=&#8221;off&#8221; specialty=&#8221;off&#8221; disabled=&#8221;off&#8221;][et_pb_row admin_label=&#8221;row&#8221; make_fullwidth=&#8221;off&#8221; use_custom_width=&#8221;off&#8221; width_unit=&#8221;off&#8221; custom_width_px=&#8221;1080px&#8221; custom_width_percent=&#8221;80%&#8221; use_custom_gutter=&#8221;off&#8221; gutter_width=&#8221;2&#8243; custom_padding=&#8221;63px|0px|27px|0px&#8221; padding_mobile=&#8221;off&#8221; allow_player_pause=&#8221;off&#8221; parallax=&#8221;off&#8221; parallax_method=&#8221;on&#8221; make_equal=&#8221;off&#8221; column_padding_mobile=&#8221;on&#8221; parallax_1=&#8221;off&#8221; parallax_method_1=&#8221;on&#8221; parallax_2=&#8221;off&#8221; parallax_method_2=&#8221;on&#8221; parallax_3=&#8221;off&#8221; parallax_method_3=&#8221;on&#8221; parallax_4=&#8221;off&#8221; parallax_method_4=&#8221;on&#8221; disabled=&#8221;off&#8221;][et_pb_column type=&#8221;1_2&#8243;][et_pb_text admin_label=&#8221;Text&#8221; background_layout=&#8221;light&#8221; text_orientation=&#8221;center&#8221; use_border_color=&#8221;off&#8221; border_style=&#8221;solid&#8221; disabled=&#8221;off&#8221; border_color=&#8221;#ffffff&#8221;]\n<h1><\/h1>\n<h1><\/h1>\n<h1><\/h1>\n<h1><\/h1>\n<h1><strong>Contact:<\/strong><\/h1>\n<h2><span class=\"styl1\">Kwatera Raj pod Jab\u0142oni\u0105<\/span><\/h2>\n<p>&nbsp;<\/p>\n<h2>Lewkowo Stare 2<br \/>\n17-220 Narewka<\/h2>\n<h2><\/h2>\n<h2>Karol\u00a0Jakimiuk<br \/>\nTel: 508243278<\/h2>\n<h2>E-mail : <a href=\"mailto:rajpodjablonia@gmail.com\">rajpodjablonia@gmail.com<\/a><\/h2>\n<p>&nbsp;<\/p>\n<p>&nbsp;<\/p>\n<p>&nbsp;<\/p>\n[\/et_pb_text][\/et_pb_column][et_pb_column type=&#8221;1_2&#8243;][et_pb_contact_form admin_label=&#8221;Contact Form&#8221; captcha=&#8221;on&#8221; email=&#8221;ssuchodola@gmail.com&#8221; title=&#8221;Contact us:&#8221; use_redirect=&#8221;off&#8221; input_border_radius=&#8221;0&#8243; module_id=&#8221;et_pb_contact_form_0&#8243; use_border_color=&#8221;off&#8221; border_color=&#8221;#ffffff&#8221; border_style=&#8221;solid&#8221; custom_button=&#8221;off&#8221; button_letter_spacing=&#8221;0&#8243; button_use_icon=&#8221;default&#8221; button_icon_placement=&#8221;right&#8221; button_on_hover=&#8221;on&#8221; button_letter_spacing_hover=&#8221;0&#8243; disabled=&#8221;off&#8221;] [et_pb_contact_field field_id=&#8221;Name&#8221; field_title=&#8221;Name&#8221; field_type=&#8221;input&#8221; required_mark=&#8221;on&#8221; fullwidth_field=&#8221;off&#8221; form_field_font=&#8221;||||&#8221; use_border_color=&#8221;off&#8221; border_style=&#8221;solid&#8221; disabled=&#8221;off&#8221; form_field_font_select=&#8221;default&#8221;] [\/et_pb_contact_field][et_pb_contact_field field_id=&#8221;Email&#8221; field_title=&#8221;Email&#8221; field_type=&#8221;email&#8221; required_mark=&#8221;on&#8221; fullwidth_field=&#8221;off&#8221; form_field_font=&#8221;||||&#8221; use_border_color=&#8221;off&#8221; border_style=&#8221;solid&#8221; disabled=&#8221;off&#8221; form_field_font_select=&#8221;default&#8221;] [\/et_pb_contact_field][et_pb_contact_field field_id=&#8221;Termin wizyty&#8221; field_title=&#8221;Appointment:&#8221; field_type=&#8221;text&#8221; required_mark=&#8221;on&#8221; fullwidth_field=&#8221;on&#8221; form_field_font=&#8221;||||&#8221; use_border_color=&#8221;off&#8221; border_style=&#8221;solid&#8221; disabled=&#8221;off&#8221; form_field_font_select=&#8221;default&#8221;] [\/et_pb_contact_field][et_pb_contact_field field_id=&#8221;Message&#8221; field_title=&#8221;Message: expectations regarding the stay, the choice of the house, rooms, additional attractions.&#8221; field_type=&#8221;text&#8221; required_mark=&#8221;on&#8221; fullwidth_field=&#8221;on&#8221; form_field_font=&#8221;||||&#8221; use_border_color=&#8221;off&#8221; border_style=&#8221;solid&#8221; disabled=&#8221;off&#8221; form_field_font_select=&#8221;default&#8221;] [\/et_pb_contact_field] [\/et_pb_contact_form][\/et_pb_column][\/et_pb_row][\/et_pb_section][et_pb_section admin_label=&#8221;Section&#8221; transparent_background=&#8221;off&#8221; allow_player_pause=&#8221;off&#8221; inner_shadow=&#8221;off&#8221; parallax=&#8221;off&#8221; parallax_method=&#8221;off&#8221; custom_padding=&#8221;0px|0px|54px|0px&#8221; padding_mobile=&#8221;off&#8221; make_fullwidth=&#8221;off&#8221; use_custom_width=&#8221;off&#8221; width_unit=&#8221;on&#8221; custom_width_px=&#8221;1080px&#8221; custom_width_percent=&#8221;80%&#8221; make_equal=&#8221;off&#8221; use_custom_gutter=&#8221;off&#8221; fullwidth=&#8221;off&#8221; specialty=&#8221;off&#8221; disabled=&#8221;off&#8221;][et_pb_row admin_label=&#8221;Row&#8221; make_fullwidth=&#8221;off&#8221; use_custom_width=&#8221;off&#8221; width_unit=&#8221;off&#8221; custom_width_px=&#8221;1080px&#8221; custom_width_percent=&#8221;80%&#8221; use_custom_gutter=&#8221;off&#8221; gutter_width=&#8221;2&#8243; padding_mobile=&#8221;off&#8221; allow_player_pause=&#8221;off&#8221; parallax=&#8221;off&#8221; parallax_method=&#8221;on&#8221; make_equal=&#8221;off&#8221; column_padding_mobile=&#8221;on&#8221; parallax_1=&#8221;off&#8221; parallax_method_1=&#8221;on&#8221; parallax_2=&#8221;off&#8221; parallax_method_2=&#8221;on&#8221; parallax_3=&#8221;off&#8221; parallax_method_3=&#8221;on&#8221; parallax_4=&#8221;off&#8221; parallax_method_4=&#8221;on&#8221; disabled=&#8221;off&#8221;][et_pb_column type=&#8221;4_4&#8243;][et_pb_text admin_label=&#8221;Text&#8221; background_layout=&#8221;light&#8221; text_orientation=&#8221;center&#8221; use_border_color=&#8221;off&#8221; border_style=&#8221;solid&#8221; disabled=&#8221;off&#8221; border_color=&#8221;#ffffff&#8221;]\n<h1 class=\"col-lg-5 col-sm-6 search-data-label\"><strong>Company name:<\/strong><\/h1>\n<h2>W\u0142odzimierz Jakimiuk Nadz\u00f3r Budowlany I Wykonywanie Ma\u0142ej Architektury Agroturystyka &#8211; Raj Pod Jab\u0142oni\u0105<\/h2>\n<h3>NIP:5431278613<\/h3>\n<h2><strong>Bank account:<\/strong><\/h2>\n<h2><strong>96 1020 1332 0000 1602 0061 3638<\/strong><\/h2>\n<h4>In the title reservation Please enter dates of your stay.<\/h4>\n[\/et_pb_text][\/et_pb_column][\/et_pb_row][\/et_pb_section][et_pb_section admin_label=&#8221;Sekcja&#8221; transparent_background=&#8221;off&#8221; background_color=&#8221;rgba(193,216,171,0.95)&#8221; allow_player_pause=&#8221;off&#8221; inner_shadow=&#8221;off&#8221; parallax=&#8221;off&#8221; parallax_method=&#8221;on&#8221; padding_mobile=&#8221;off&#8221; make_fullwidth=&#8221;off&#8221; use_custom_width=&#8221;off&#8221; width_unit=&#8221;off&#8221; custom_width_px=&#8221;1080px&#8221; custom_width_percent=&#8221;80%&#8221; make_equal=&#8221;off&#8221; use_custom_gutter=&#8221;off&#8221; fullwidth=&#8221;on&#8221; specialty=&#8221;off&#8221; disabled=&#8221;off&#8221;][et_pb_fullwidth_header admin_label=&#8221;Nag\u0142\u00f3wek pe\u0142nej szeroko\u015bci&#8221; background_layout=&#8221;light&#8221; text_orientation=&#8221;center&#8221; header_fullscreen=&#8221;off&#8221; header_scroll_down=&#8221;off&#8221; parallax=&#8221;off&#8221; parallax_method=&#8221;off&#8221; content_orientation=&#8221;center&#8221; image_orientation=&#8221;center&#8221; custom_button_one=&#8221;off&#8221; button_one_letter_spacing=&#8221;0&#8243; button_one_use_icon=&#8221;default&#8221; button_one_icon_placement=&#8221;right&#8221; button_one_on_hover=&#8221;on&#8221; button_one_letter_spacing_hover=&#8221;0&#8243; custom_button_two=&#8221;off&#8221; button_two_letter_spacing=&#8221;0&#8243; button_two_use_icon=&#8221;default&#8221; button_two_icon_placement=&#8221;right&#8221; button_two_on_hover=&#8221;on&#8221; button_two_letter_spacing_hover=&#8221;0&#8243; disabled=&#8221;off&#8221;]\n<h2><a href=\"http:\/\/meteor-turystyka.pl\/rajpodjablonia-lewkowostare,lewkowo-stare.html\">On site meteor-turystyka.pl<\/a> after finding the Accommodation Paradise By Jab\u0142oni\u0105 you can find the contact form.<br \/>\nWe invite you to contact us, we will be happy to answer all your questions.<\/h2>\n[\/et_pb_fullwidth_header][\/et_pb_section][et_pb_section admin_label=&#8221;Sekcja&#8221; transparent_background=&#8221;off&#8221; background_color=&#8221;rgba(54,169,225,0.82)&#8221; allow_player_pause=&#8221;off&#8221; inner_shadow=&#8221;off&#8221; parallax=&#8221;off&#8221; parallax_method=&#8221;off&#8221; padding_mobile=&#8221;off&#8221; make_fullwidth=&#8221;off&#8221; use_custom_width=&#8221;off&#8221; width_unit=&#8221;on&#8221; make_equal=&#8221;off&#8221; use_custom_gutter=&#8221;off&#8221; fullwidth=&#8221;off&#8221; specialty=&#8221;off&#8221; disabled=&#8221;off&#8221;][et_pb_row admin_label=&#8221;Wiersz&#8221;][et_pb_column type=&#8221;1_2&#8243;][et_pb_text admin_label=&#8221;Tekst&#8221; background_layout=&#8221;light&#8221; text_orientation=&#8221;left&#8221; use_border_color=&#8221;off&#8221; border_color=&#8221;#ffffff&#8221; border_style=&#8221;solid&#8221;]\n<p><span style=\"color: #ffffff;\"><del><\/del><div class=\"su-column su-column-size-1-2 su-column-centered\"><div class=\"su-column-inner su-u-clearfix su-u-trim\"><div class=\"su-service usluga\"><div class=\"su-service-title\" style=\"padding-left:39px;min-height:25px;line-height:25px\"><i class=\"sui sui-group\" style=\"font-size:25px;color:#ffffff\"><\/i> Address:<\/div><div class=\"su-service-content su-u-clearfix su-u-trim\" style=\"padding-left:39px\"><\/span> <span style=\"color: #ffffff;\">Kwatera Raj pod Jab\u0142oni\u0105<\/span> <span style=\"color: #ffffff;\">Lewkowo Stare 2<\/span> <span style=\"color: #ffffff;\">17-220 Narewka<\/span> <span style=\"color: #ffffff;\"><\/div><\/div><\/div><\/div><\/span><\/p>\n[\/et_pb_text][\/et_pb_column][et_pb_column type=&#8221;1_2&#8243;][et_pb_text admin_label=&#8221;Tekst&#8221; background_layout=&#8221;light&#8221; text_orientation=&#8221;left&#8221; use_border_color=&#8221;off&#8221; border_color=&#8221;#ffffff&#8221; border_style=&#8221;solid&#8221;]\n<div class=\"su-service\"><div class=\"su-service-title\" style=\"padding-left:39px;min-height:25px;line-height:25px\"><i class=\"sui sui-comments-o\" style=\"font-size:25px;color:#ffffff\"><\/i> Contact:<\/div><div class=\"su-service-content su-u-clearfix su-u-trim\" style=\"padding-left:39px\"> <\/div><\/div> <div class=\"su-service\"><div class=\"su-service-title\" style=\"padding-left:39px;min-height:25px;line-height:25px\"><i class=\"sui sui-mobile-phone\" style=\"font-size:25px;color:#ffffff\"><\/i> 508243278<\/div><div class=\"su-service-content su-u-clearfix su-u-trim\" style=\"padding-left:39px\"> <\/div><\/div> <div class=\"su-service\"><div class=\"su-service-title\" style=\"padding-left:39px;min-height:25px;line-height:25px\"><i class=\"sui sui-envelope-o\" style=\"font-size:25px;color:#ffffff\"><\/i> rajpodjablonia@gmail.com<\/div><div class=\"su-service-content su-u-clearfix su-u-trim\" style=\"padding-left:39px\"><\/div><\/div>\n[\/et_pb_text][\/et_pb_column][\/et_pb_row][\/et_pb_section]\n","protected":false},"excerpt":{"rendered":"<p>Tw\u00f3j szcz\u0119\u015bliwy zak\u0105tek. Contact: Kwatera Raj pod Jab\u0142oni\u0105 &nbsp; Lewkowo Stare 2 17-220 Narewka Karol\u00a0Jakimiuk Tel: 508243278 E-mail : rajpodjablonia@gmail.com &nbsp; &nbsp; &nbsp; Company name: W\u0142odzimierz Jakimiuk Nadz\u00f3r Budowlany I Wykonywanie Ma\u0142ej Architektury Agroturystyka &#8211; Raj Pod Jab\u0142oni\u0105 NIP:5431278613 Bank account: 96 1020 1332 0000 1602 0061 3638 In the title reservation Please enter dates [&hellip;]<\/p>\n","protected":false},"author":1,"featured_media":0,"parent":0,"menu_order":0,"comment_status":"closed","ping_status":"closed","template":"","meta":{"_et_pb_use_builder":"on","_et_pb_old_content":"<p><em><strong>Kwatera Raj pod Jab\u0142oni\u0105<\/strong><\/em><br \/> Lewkowo Stare 2<br \/> 17-200 Narewka<\/p><p><strong>Contact details:<\/strong><br \/> <em><strong>Gra\u017cyna i W\u0142odzimierz Jakimiuk<\/strong><\/em><br \/> 17-200 Hajn\u00f3wka<br \/> Ul. Polna 5<\/p><p>Tel: 508243278<\/p><p>E-mail : <a href=\"mailto:rajpodjablonia@gmail.com\">rajpodjablonia@gmail.com<\/a><\/p>","_et_gb_content_width":"","footnotes":""},"class_list":["post-5","page","type-page","status-publish","hentry"],"_links":{"self":[{"href":"http:\/\/rajpodjablonia.pl\/eng\/index.php?rest_route=\/wp\/v2\/pages\/5","targetHints":{"allow":["GET"]}}],"collection":[{"href":"http:\/\/rajpodjablonia.pl\/eng\/index.php?rest_route=\/wp\/v2\/pages"}],"about":[{"href":"http:\/\/rajpodjablonia.pl\/eng\/index.php?rest_route=\/wp\/v2\/types\/page"}],"author":[{"embeddable":true,"href":"http:\/\/rajpodjablonia.pl\/eng\/index.php?rest_route=\/wp\/v2\/users\/1"}],"replies":[{"embeddable":true,"href":"http:\/\/rajpodjablonia.pl\/eng\/index.php?rest_route=%2Fwp%2Fv2%2Fcomments&post=5"}],"version-history":[{"count":8,"href":"http:\/\/rajpodjablonia.pl\/eng\/index.php?rest_route=\/wp\/v2\/pages\/5\/revisions"}],"predecessor-version":[{"id":70,"href":"http:\/\/rajpodjablonia.pl\/eng\/index.php?rest_route=\/wp\/v2\/pages\/5\/revisions\/70"}],"wp:attachment":[{"href":"http:\/\/rajpodjablonia.pl\/eng\/index.php?rest_route=%2Fwp%2Fv2%2Fmedia&parent=5"}],"curies":[{"name":"wp","href":"https:\/\/api.w.org\/{rel}","templated":true}]}}