{"id":7,"date":"2016-12-05T09:56:40","date_gmt":"2016-12-05T08:56:40","guid":{"rendered":"http:\/\/rajpodjablonia.pl\/eng\/?page_id=7"},"modified":"2017-01-10T17:48:19","modified_gmt":"2017-01-10T16:48:19","slug":"places-of-interest","status":"publish","type":"page","link":"http:\/\/rajpodjablonia.pl\/eng\/?page_id=7","title":{"rendered":"Places of Interest"},"content":{"rendered":"[et_pb_section admin_label=&#8221;Sekcja&#8221; transparent_background=&#8221;off&#8221; allow_player_pause=&#8221;off&#8221; inner_shadow=&#8221;off&#8221; parallax=&#8221;off&#8221; parallax_method=&#8221;off&#8221; padding_mobile=&#8221;off&#8221; make_fullwidth=&#8221;off&#8221; use_custom_width=&#8221;off&#8221; width_unit=&#8221;on&#8221; custom_width_px=&#8221;1080px&#8221; custom_width_percent=&#8221;80%&#8221; make_equal=&#8221;off&#8221; use_custom_gutter=&#8221;off&#8221; fullwidth=&#8221;on&#8221; specialty=&#8221;off&#8221; disabled=&#8221;off&#8221;][et_pb_fullwidth_header admin_label=&#8221;Nag\u0142\u00f3wek pe\u0142nej szeroko\u015bci&#8221; background_layout=&#8221;dark&#8221; text_orientation=&#8221;center&#8221; header_fullscreen=&#8221;on&#8221; header_scroll_down=&#8221;on&#8221; scroll_down_icon=&#8221;;&#8221; background_url=&#8221;http:\/\/rajpodjablonia.pl\/eng\/wp-content\/uploads\/sites\/2\/2017\/01\/DSC_0025.jpg&#8221; parallax=&#8221;off&#8221; parallax_method=&#8221;off&#8221; content_orientation=&#8221;center&#8221; image_orientation=&#8221;center&#8221; title_font_size=&#8221;30px&#8221; content_font_size=&#8221;14px&#8221; custom_button_one=&#8221;off&#8221; button_one_text_size=&#8221;20&#8243; button_one_letter_spacing=&#8221;0&#8243; button_one_use_icon=&#8221;default&#8221; button_one_icon_placement=&#8221;right&#8221; button_one_on_hover=&#8221;on&#8221; button_one_letter_spacing_hover=&#8221;0&#8243; custom_button_two=&#8221;off&#8221; button_two_text_size=&#8221;20&#8243; button_two_letter_spacing=&#8221;0&#8243; button_two_use_icon=&#8221;default&#8221; button_two_icon_placement=&#8221;right&#8221; button_two_on_hover=&#8221;on&#8221; button_two_letter_spacing_hover=&#8221;0&#8243; custom_css_main_element=&#8221; height: 700px;&#8221; disabled=&#8221;off&#8221;]\n<h1>MAPA OKOLIC LEWKOWA STAREGO<\/h1>\n<h4>Zobacz co mo\u017cesz zobaczy\u0107 w naszej okolicy<\/h4>\n[\/et_pb_fullwidth_header][et_pb_fullwidth_map admin_label=&#8221;Mapa pe\u0142nej szeroko\u015bci&#8221; address=&#8221;Lewkowo Stare 2, 17-220 Lewkowo Stare, Polska&#8221; zoom_level=&#8221;10&#8243; address_lat=&#8221;52.81459731136367&#8243; address_lng=&#8221;23.81330383105692&#8243; mouse_wheel=&#8221;off&#8221; mobile_dragging=&#8221;on&#8221; disabled=&#8221;off&#8221;] [et_pb_map_pin title=&#8221;Kwatera Raj pod Jab\u0142oni\u0105&#8221; pin_address=&#8221;Lewkowo Stare 4, 17-220 Lewkowo Stare, Polska&#8221; pin_address_lat=&#8221;52.88173617530198&#8243; pin_address_lng=&#8221;23.7025688318771&#8243; disabled=&#8221;off&#8221;] [\/et_pb_map_pin][et_pb_map_pin title=&#8221;Sob\u00f3r \u015awi\u0119tej Tr\u00f3jcy w Hajn\u00f3wce&#8221; pin_address=&#8221;Ksi\u0119dza Antoniego Dziewiatowskiego 15, Hajn\u00f3wka, Polska&#8221; pin_address_lat=&#8221;52.74596116271403&#8243; pin_address_lng=&#8221;23.578506644180266&#8243; disabled=&#8221;off&#8221;] [\/et_pb_map_pin][et_pb_map_pin title=&#8221;Kolejka w\u0105skotorowa Hajn\u00f3wka-Bia\u0142owie\u017ca&#8221; pin_address=&#8221;Dzielnicowa 4, Hajn\u00f3wka, Polska&#8221; pin_address_lat=&#8221;52.736035293019306&#8243; pin_address_lng=&#8221;23.60638004368593&#8243; disabled=&#8221;off&#8221;] [\/et_pb_map_pin][et_pb_map_pin title=&#8221; Zalew Siemian\u00f3wka&#8221; pin_address=&#8221;Unnamed Road, Polska&#8221; pin_address_lat=&#8221;52.921301698202356&#8243; pin_address_lng=&#8221;23.827362568695094&#8243; disabled=&#8221;off&#8221;] [\/et_pb_map_pin][et_pb_map_pin title=&#8221;Parafia rzymskokatolicka pw. \u015bw. Teresy od Dzieci\u0105tka Jezus&#8221; pin_address=&#8221;Gen. Waszkiewicza 179, 17-230 Bia\u0142owie\u017ca, Polska&#8221; pin_address_lat=&#8221;52.70054936317101&#8243; pin_address_lng=&#8221;23.873799968292246&#8243; disabled=&#8221;off&#8221;] [\/et_pb_map_pin][et_pb_map_pin title=&#8221;Cerkiew pw. \u015bw. Miko\u0142aja&#8221; pin_address=&#8221;Genera\u0142a Aleksandra Waszkiewicza 2, 17-230 Bia\u0142owie\u017ca, Polska&#8221; pin_address_lat=&#8221;52.703205409368465&#8243; pin_address_lng=&#8221;23.85106137882076&#8243; disabled=&#8221;off&#8221;] [\/et_pb_map_pin][et_pb_map_pin title=&#8221;Skansen Architektury Drewnianej Podlasia&#8221; pin_address=&#8221;Zastawa 66, 17-230 Bia\u0142owie\u017ca, Polska&#8221; pin_address_lat=&#8221;52.70172154677322&#8243; pin_address_lng=&#8221;23.834479251312246&#8243; disabled=&#8221;off&#8221;] [\/et_pb_map_pin][et_pb_map_pin title=&#8221;Park Pa\u0142acowy z XIX wieku, Muzeum Przyrodniczo-Le\u015bne&#8221; pin_address=&#8221;Park Pa\u0142acowy w Bia\u0142owie\u017cy, Bia\u0142owie\u017ca, Polska&#8221; pin_address_lat=&#8221;52.7048955&#8243; pin_address_lng=&#8221;23.84670129999995&#8243; disabled=&#8221;off&#8221;] [\/et_pb_map_pin][et_pb_map_pin title=&#8221;Rezerwat \u015acis\u0142y Puszczy Bia\u0142owieskiej&#8221; pin_address=&#8221;Unnamed Road, 17-230 Bia\u0142owie\u017ca, Polska&#8221; pin_address_lat=&#8221;52.715534451438806&#8243; pin_address_lng=&#8221;23.844929866101097&#8243; disabled=&#8221;off&#8221;] [\/et_pb_map_pin][et_pb_map_pin title=&#8221;Rezerwat Pokazowy \u017bubr\u00f3w&#8221; pin_address=&#8221;Unnamed Road, 17-230, Polska&#8221; pin_address_lat=&#8221;52.70601805586251&#8243; pin_address_lng=&#8221;23.796862082006783&#8243; disabled=&#8221;off&#8221;] [\/et_pb_map_pin][et_pb_map_pin title=&#8221;Cerkiew \u015bw. Miko\u0142aja Cudotw\u00f3rcy&#8221; pin_address=&#8221;Mickiewicza 56, 17-220 Narewka, Polska&#8221; pin_address_lat=&#8221;52.83546849560221&#8243; pin_address_lng=&#8221;23.760764302902203&#8243; disabled=&#8221;off&#8221;] [\/et_pb_map_pin][et_pb_map_pin title=&#8221;pw. \u015bw. Piotra Aposto\u0142a&#8221; pin_address=&#8221;Lewkowo Stare 47, 17-220 Lewkowo Stare, Polska&#8221; pin_address_lat=&#8221;52.88278833858847&#8243; pin_address_lng=&#8221;23.69872926700441&#8243; disabled=&#8221;off&#8221;] [\/et_pb_map_pin] [\/et_pb_fullwidth_map][\/et_pb_section][et_pb_section admin_label=&#8221;section&#8221; transparent_background=&#8221;on&#8221; allow_player_pause=&#8221;off&#8221; inner_shadow=&#8221;off&#8221; parallax=&#8221;off&#8221; parallax_method=&#8221;off&#8221; padding_mobile=&#8221;off&#8221; make_fullwidth=&#8221;off&#8221; use_custom_width=&#8221;off&#8221; width_unit=&#8221;on&#8221; custom_width_px=&#8221;1080px&#8221; custom_width_percent=&#8221;80%&#8221; make_equal=&#8221;off&#8221; use_custom_gutter=&#8221;off&#8221; fullwidth=&#8221;off&#8221; specialty=&#8221;off&#8221; disabled=&#8221;off&#8221;][et_pb_row admin_label=&#8221;row&#8221; make_fullwidth=&#8221;off&#8221; use_custom_width=&#8221;off&#8221; width_unit=&#8221;off&#8221; custom_width_px=&#8221;1080px&#8221; custom_width_percent=&#8221;80%&#8221; use_custom_gutter=&#8221;off&#8221; gutter_width=&#8221;2&#8243; padding_mobile=&#8221;off&#8221; allow_player_pause=&#8221;off&#8221; parallax=&#8221;off&#8221; parallax_method=&#8221;on&#8221; make_equal=&#8221;off&#8221; column_padding_mobile=&#8221;on&#8221; parallax_1=&#8221;off&#8221; parallax_method_1=&#8221;on&#8221; parallax_2=&#8221;off&#8221; parallax_method_2=&#8221;on&#8221; parallax_3=&#8221;off&#8221; parallax_method_3=&#8221;on&#8221; parallax_4=&#8221;off&#8221; parallax_method_4=&#8221;on&#8221; disabled=&#8221;off&#8221;][et_pb_column type=&#8221;4_4&#8243;][et_pb_text admin_label=&#8221;Tekst&#8221; background_layout=&#8221;light&#8221; text_orientation=&#8221;justified&#8221; use_border_color=&#8221;off&#8221; border_style=&#8221;solid&#8221; disabled=&#8221;off&#8221; border_color=&#8221;#ffffff&#8221;]\n<h3 style=\"text-align: center;\"><strong>We feel it is worth visiting:<\/strong><\/h3>\n<p>\u2022 Bia\u0142owie\u017ca and Bia\u0142owie\u017ca Forest, which has a unique wealth of flora and fauna. Values of the Bia\u0142owieza Forest Region are available through well-developed network of hiking trails and nature trails.<br \/>\n\u2022 Be sure to visit in Bia\u0142owie\u017ca<br \/>\nShowpiece Bison Reserve<br \/>\nStrict Nature Reserve of Bia\u0142owie\u017ca Forest<br \/>\nMuseum of Natural Forests<br \/>\nPalace Park from the 19th century<br \/>\nOpen-Air Museum of Wooden Architecture<br \/>\nOrthodox church of St. Nicholas<br \/>\nChurch of St. Teresa<br \/>\n\u2022 In Hajn\u00f3wka worth seeing is the Orthodox church of St. Trinity, which is one of the most interesting examples of contemporary architecture in Poland. Annually in May there is held International Festival- \u201cHajn\u00f3wka Orthodox Church Music Days\u201d.<br \/>\nYou can also go for a ride into the narrow-gauge railway in the Bia\u0142owie\u017ca Forest. There are two routes Hajn\u00f3wka-Topi\u0142o (11km.) and Hajn\u00f3wka-Posto\u0142owo (6km.).<br \/>\n\u2022 To enjoy the rare birds and plants as well as peace and quiet, the trip over an artificial body of water called lake Siemian\u00f3wka, an area of 3,250 ha (Lake Wigry is smaller by more than 1000 ha).<\/p>\n[\/et_pb_text][\/et_pb_column][\/et_pb_row][\/et_pb_section][et_pb_section admin_label=&#8221;Sekcja&#8221; transparent_background=&#8221;off&#8221; background_color=&#8221;rgba(54,169,225,0.82)&#8221; allow_player_pause=&#8221;off&#8221; inner_shadow=&#8221;off&#8221; parallax=&#8221;off&#8221; parallax_method=&#8221;off&#8221; padding_mobile=&#8221;off&#8221; make_fullwidth=&#8221;off&#8221; use_custom_width=&#8221;off&#8221; width_unit=&#8221;on&#8221; make_equal=&#8221;off&#8221; use_custom_gutter=&#8221;off&#8221; fullwidth=&#8221;off&#8221; specialty=&#8221;off&#8221; disabled=&#8221;off&#8221;][et_pb_row admin_label=&#8221;Wiersz&#8221;][et_pb_column type=&#8221;1_2&#8243;][et_pb_text admin_label=&#8221;Tekst&#8221; background_layout=&#8221;light&#8221; text_orientation=&#8221;left&#8221; use_border_color=&#8221;off&#8221; border_color=&#8221;#ffffff&#8221; border_style=&#8221;solid&#8221;] <span style=\"color: #ffffff;\"><del><\/del><div class=\"su-column su-column-size-1-2 su-column-centered\"><div class=\"su-column-inner su-u-clearfix su-u-trim\"><div class=\"su-service usluga\"><div class=\"su-service-title\" style=\"padding-left:39px;min-height:25px;line-height:25px\"><i class=\"sui sui-group\" style=\"font-size:25px;color:#ffffff\"><\/i> Adres:<\/div><div class=\"su-service-content su-u-clearfix su-u-trim\" style=\"padding-left:39px\"><\/span> <span style=\"color: #ffffff;\">Kwatera Raj pod Jab\u0142oni\u0105<\/span> <span style=\"color: #ffffff;\">Lewkowo Stare 2<\/span> <span style=\"color: #ffffff;\">17-220 Narewka<\/span> <span style=\"color: #ffffff;\"><\/div><\/div><\/div><\/div><\/span> [\/et_pb_text][\/et_pb_column][et_pb_column type=&#8221;1_2&#8243;][et_pb_text admin_label=&#8221;Tekst&#8221; background_layout=&#8221;light&#8221; text_orientation=&#8221;left&#8221; use_border_color=&#8221;off&#8221; border_color=&#8221;#ffffff&#8221; border_style=&#8221;solid&#8221;] <div class=\"su-service\"><div class=\"su-service-title\" style=\"padding-left:39px;min-height:25px;line-height:25px\"><i class=\"sui sui-comments-o\" style=\"font-size:25px;color:#ffffff\"><\/i> Kontakt:<\/div><div class=\"su-service-content su-u-clearfix su-u-trim\" style=\"padding-left:39px\"> <\/div><\/div> <div class=\"su-service\"><div class=\"su-service-title\" style=\"padding-left:39px;min-height:25px;line-height:25px\"><i class=\"sui sui-mobile-phone\" style=\"font-size:25px;color:#ffffff\"><\/i> 508243278<\/div><div class=\"su-service-content su-u-clearfix su-u-trim\" style=\"padding-left:39px\"> <\/div><\/div> <div class=\"su-service\"><div class=\"su-service-title\" style=\"padding-left:39px;min-height:25px;line-height:25px\"><i class=\"sui sui-envelope-o\" style=\"font-size:25px;color:#ffffff\"><\/i> rajpodjablonia@gmail.com<\/div><div class=\"su-service-content su-u-clearfix su-u-trim\" style=\"padding-left:39px\"><\/div><\/div> [\/et_pb_text][\/et_pb_column][\/et_pb_row][\/et_pb_section]\n","protected":false},"excerpt":{"rendered":"<p>MAPA OKOLIC LEWKOWA STAREGO Zobacz co mo\u017cesz zobaczy\u0107 w naszej okolicy We feel it is worth visiting: \u2022 Bia\u0142owie\u017ca and Bia\u0142owie\u017ca Forest, which has a unique wealth of flora and fauna. Values of the Bia\u0142owieza Forest Region are available through well-developed network of hiking trails and nature trails. \u2022 Be sure to visit in Bia\u0142owie\u017ca [&hellip;]<\/p>\n","protected":false},"author":1,"featured_media":0,"parent":0,"menu_order":0,"comment_status":"closed","ping_status":"closed","template":"","meta":{"_et_pb_use_builder":"on","_et_pb_old_content":"<p><strong>We feel it is worth visiting:<\/strong><br \/> \u2022 Bia\u0142owie\u017ca and Bia\u0142owie\u017ca Forest, which has a unique wealth of flora and fauna. Values of the Bia\u0142owieza Forest Region are available through well-developed network of hiking trails and nature trails.<br \/> \u2022 Be sure to visit in Bia\u0142owie\u017ca<br \/> Showpiece Bison Reserve<br \/> Strict Nature Reserve of Bia\u0142owie\u017ca Forest<br \/> Museum of Natural Forests<br \/> Palace Park from the 19th century<br \/> Open-Air Museum of Wooden Architecture<br \/> Orthodox church of St. Nicholas<br \/> Church of St. Teresa<br \/> \u2022 In Hajn\u00f3wka worth seeing is the Orthodox church of St. Trinity, which is one of the most interesting examples of contemporary architecture in Poland. Annually in May there is held International Festival- \u201cHajn\u00f3wka Orthodox Church Music Days\u201d.<br \/> You can also go for a ride into the narrow-gauge railway in the Bia\u0142owie\u017ca Forest. There are two routes Hajn\u00f3wka-Topi\u0142o (11km.) and Hajn\u00f3wka-Posto\u0142owo (6km.).<br \/> \u2022 To enjoy the rare birds and plants as well as peace and quiet, the trip over an artificial body of water called lake Siemian\u00f3wka, an area of 3,250 ha (Lake Wigry is smaller by more than 1000 ha).<\/p>","_et_gb_content_width":"","footnotes":""},"class_list":["post-7","page","type-page","status-publish","hentry"],"_links":{"self":[{"href":"http:\/\/rajpodjablonia.pl\/eng\/index.php?rest_route=\/wp\/v2\/pages\/7","targetHints":{"allow":["GET"]}}],"collection":[{"href":"http:\/\/rajpodjablonia.pl\/eng\/index.php?rest_route=\/wp\/v2\/pages"}],"about":[{"href":"http:\/\/rajpodjablonia.pl\/eng\/index.php?rest_route=\/wp\/v2\/types\/page"}],"author":[{"embeddable":true,"href":"http:\/\/rajpodjablonia.pl\/eng\/index.php?rest_route=\/wp\/v2\/users\/1"}],"replies":[{"embeddable":true,"href":"http:\/\/rajpodjablonia.pl\/eng\/index.php?rest_route=%2Fwp%2Fv2%2Fcomments&post=7"}],"version-history":[{"count":6,"href":"http:\/\/rajpodjablonia.pl\/eng\/index.php?rest_route=\/wp\/v2\/pages\/7\/revisions"}],"predecessor-version":[{"id":76,"href":"http:\/\/rajpodjablonia.pl\/eng\/index.php?rest_route=\/wp\/v2\/pages\/7\/revisions\/76"}],"wp:attachment":[{"href":"http:\/\/rajpodjablonia.pl\/eng\/index.php?rest_route=%2Fwp%2Fv2%2Fmedia&parent=7"}],"curies":[{"name":"wp","href":"https:\/\/api.w.org\/{rel}","templated":true}]}}